{"id":450,"date":"2026-01-02T13:57:38","date_gmt":"2026-01-02T12:57:38","guid":{"rendered":"https:\/\/gnadenhof-villa-bunt-a-hund.de\/Zuhause\/zuhause\/?page_id=450"},"modified":"2026-01-06T22:02:37","modified_gmt":"2026-01-06T21:02:37","slug":"mitgliedschaft-2","status":"publish","type":"page","link":"https:\/\/gnadenhof-villa-bunt-a-hund.de\/Zuhause\/zuhause\/mitgliedschaft-2\/","title":{"rendered":"Mitgliedschaft"},"content":{"rendered":"\n<div class=\"wp-block-media-text is-stacked-on-mobile\" style=\"grid-template-columns:28% auto\"><figure class=\"wp-block-media-text__media\"><img loading=\"lazy\" decoding=\"async\" width=\"307\" height=\"461\" src=\"https:\/\/gnadenhof-villa-bunt-a-hund.de\/wp-content\/uploads\/2026\/01\/mitgliedschaft.jpeg\" alt=\"\" class=\"wp-image-460 size-full\" srcset=\"https:\/\/gnadenhof-villa-bunt-a-hund.de\/wp-content\/uploads\/2026\/01\/mitgliedschaft.jpeg 307w, https:\/\/gnadenhof-villa-bunt-a-hund.de\/wp-content\/uploads\/2026\/01\/mitgliedschaft-200x300.jpeg 200w\" sizes=\"auto, (max-width: 307px) 100vw, 307px\" \/><\/figure><div class=\"wp-block-media-text__content\">\n<p>Du findest toll was wir tun und hast ein Herz f\u00fcr Tiere?<br>Dir liegen besonders alte, kranke, verhaltenskreative oder Handicap Tiere am Herzen?<br>Du w\u00fcrdest gerne Teil vom &#8222;Gnadenhof Villa Bunt-a-Hund e.V.&#8220; werden?<\/p>\n\n\n\n<p><strong>Dann werde doch einfach Mitglied bei uns!<\/strong><\/p>\n\n\n\n<p>Den Mitgliedsantrag kannst du hier direkt herunter laden und uns vollst\u00e4ndig ausgef\u00fcllt und unterschrieben per Email oder Post zusenden. Die Kontakdaten findet ihr ganz unten in der Fusszeile der Homepage!<\/p>\n\n\n\n<div class=\"wp-block-buttons has-light-gray-background-color has-background is-layout-flex wp-block-buttons-is-layout-flex\">\n<div class=\"wp-block-button\"><a class=\"wp-block-button__link has-x-large-font-size has-custom-font-size wp-element-button\" href=\"https:\/\/gnadenhof-villa-bunt-a-hund.de\/mitgliedsantrag.pdf\" style=\"border-radius:45px;padding-top:5px;padding-bottom:5px\" target=\"_blank\" rel=\"noreferrer noopener nofollow\">Download<\/a><\/div>\n<\/div>\n<\/div><\/div>\n\n\n\n<p>Wir bieten verschiedene Arten von Mitgliedschaften an:<\/p>\n\n\n\n<ul class=\"wp-block-list\">\n<li>Aktives Mitglied: Du m\u00f6chtest aktiv am Vereinleben teilnehmen und uns unterst\u00fctzen bei \u00f6ffentlichen Veranstaltungen, wie z,B, Weihnachtsm\u00e4rkte, Flohm\u00e4rkte, Werbeveranstaltungen oder k\u00fcnftig bei T\u00e4tigkeiten auf dem Hof. Au\u00dferdem brauchen wir immer Unterst\u00fctzung beim Spenden sammeln oder Unterst\u00fctzer gewinnen! W\u00e4re das was f\u00fcr Dich? Dann werde aktives Mitglied f\u00fcr nur 5\u20ac\/Monat bei uns!<\/li>\n\n\n\n<li>Passives Mitglied: Du findest gut, was wir tun, kannst aber vielleicht aufgrund von Entfernung, Krankheit oder anderen Gr\u00fcnden nicht aktiv am Vereinsleben teilnehmen, m\u00f6chtest uns aber dennoch unterst\u00fctzen? Kein Problem! Dann werde passives Mitglied f\u00fcr nur 6\u20ac\/Monat um uns und unsere Tiere zu unterst\u00fctzen!<\/li>\n<\/ul>\n\n\n\n<p>Du bist vielleicht noch nicht vollj\u00e4hrig oder bereits in Rente? Auch f\u00fcr euch haben wir eine M\u00f6glichkeit geschaffen mit einem geringeren Beitrag von 2,50\u20ac\/Monat unseren Verein zu unterst\u00fctzen.<\/p>\n\n\n\n<p><strong>Alle genannten Mitgliedsbeitr\u00e4ge sind Mindestbeitr\u00e4ge, welche ihr auch gerne individuell h\u00f6her festlegen k\u00f6nnt!<\/strong><\/p>\n","protected":false},"excerpt":{"rendered":"<p>Wir bieten verschiedene Arten von Mitgliedschaften an: Du bist vielleicht noch nicht vollj\u00e4hrig oder bereits in Rente? Auch f\u00fcr euch haben wir eine [&hellip;]<\/p>\n","protected":false},"author":1,"featured_media":0,"parent":0,"menu_order":0,"comment_status":"closed","ping_status":"closed","template":"","meta":{"footnotes":""},"class_list":["post-450","page","type-page","status-publish","hentry"],"featured_image_src":null,"featured_image_url":[],"post_author":"admin","assigned_categories":"","_links":{"self":[{"href":"https:\/\/gnadenhof-villa-bunt-a-hund.de\/Zuhause\/zuhause\/wp-json\/wp\/v2\/pages\/450","targetHints":{"allow":["GET"]}}],"collection":[{"href":"https:\/\/gnadenhof-villa-bunt-a-hund.de\/Zuhause\/zuhause\/wp-json\/wp\/v2\/pages"}],"about":[{"href":"https:\/\/gnadenhof-villa-bunt-a-hund.de\/Zuhause\/zuhause\/wp-json\/wp\/v2\/types\/page"}],"author":[{"embeddable":true,"href":"https:\/\/gnadenhof-villa-bunt-a-hund.de\/Zuhause\/zuhause\/wp-json\/wp\/v2\/users\/1"}],"replies":[{"embeddable":true,"href":"https:\/\/gnadenhof-villa-bunt-a-hund.de\/Zuhause\/zuhause\/wp-json\/wp\/v2\/comments?post=450"}],"version-history":[{"count":6,"href":"https:\/\/gnadenhof-villa-bunt-a-hund.de\/Zuhause\/zuhause\/wp-json\/wp\/v2\/pages\/450\/revisions"}],"predecessor-version":[{"id":500,"href":"https:\/\/gnadenhof-villa-bunt-a-hund.de\/Zuhause\/zuhause\/wp-json\/wp\/v2\/pages\/450\/revisions\/500"}],"wp:attachment":[{"href":"https:\/\/gnadenhof-villa-bunt-a-hund.de\/Zuhause\/zuhause\/wp-json\/wp\/v2\/media?parent=450"}],"curies":[{"name":"wp","href":"https:\/\/api.w.org\/{rel}","templated":true}]}}