{"id":454,"date":"2026-01-02T15:13:04","date_gmt":"2026-01-02T14:13:04","guid":{"rendered":"https:\/\/gnadenhof-villa-bunt-a-hund.de\/Zuhause\/zuhause\/?page_id=454"},"modified":"2026-01-02T15:13:17","modified_gmt":"2026-01-02T14:13:17","slug":"satzung","status":"publish","type":"page","link":"https:\/\/gnadenhof-villa-bunt-a-hund.de\/Zuhause\/zuhause\/satzung\/","title":{"rendered":"Satzung"},"content":{"rendered":"\n<p>Hier findet ihr unsere Satzung als Download<\/p>\n\n\n\n<div class=\"wp-block-buttons has-light-gray-background-color has-background is-layout-flex wp-block-buttons-is-layout-flex\">\n<div class=\"wp-block-button\"><a class=\"wp-block-button__link has-x-large-font-size has-custom-font-size wp-element-button\" href=\"https:\/\/gnadenhof-villa-bunt-a-hund.de\/satzung.pdf\" style=\"border-radius:45px;padding-top:5px;padding-bottom:5px\" target=\"_blank\" rel=\"noreferrer noopener nofollow\">Download<\/a><\/div>\n<\/div>\n\n\n\n<p class=\"has-text-align-center has-xxx-large-font-size\">Satzung<br>Gnadenhof Villa Bunt-a-Hund<\/p>\n\n\n\n<h2 class=\"wp-block-heading\">\u00a7 1 Name und Sitz des Vereins, Gesch\u00e4ftsjahr<\/h2>\n\n\n\n<ol class=\"wp-block-list\">\n<li>Der Verein f\u00fchrt den Namen \u201eGnadenhof Villa Bunt-a-Hund \u201c. Er soll in das Vereinsregister<br>eingetragen werden und danach den Zusatz \u201ee.V.\u201c f\u00fchren.<\/li>\n\n\n\n<li>Der Verein hat seinen Sitz in Zossen.<\/li>\n\n\n\n<li>Das Gesch\u00e4ftsjahr ist das Kalenderjahr.<\/li>\n<\/ol>\n\n\n\n<h2 class=\"wp-block-heading\">\u00a7 2 Zweck, Aufgaben, Gemeinn\u00fctzigkeit des Vereins<\/h2>\n\n\n\n<ol class=\"wp-block-list\">\n<li>Der Verein Gnadenhof Villa Bunt-a-Hund verfolgt ausschlie\u00dflich und unmittelbar<br>gemeinn\u00fctzige Zwecke im Sinne des Abschnitts \u201eSteuerbeg\u00fcnstigte Zwecke\u201c der<br>Abgabenordnung.<\/li>\n\n\n\n<li>Zweck des Vereins ist die F\u00f6rderung des Tierschutzes (\u00a7 52 Abs. 2 Nr. 14 AO).<br>Der Satzungszweck wird insbesondere verwirklicht durch:<\/li>\n<\/ol>\n\n\n\n<ul class=\"wp-block-list\">\n<li>die Aufnahme, Pflege und tier\u00e4rztliche Versorgung notleidender Tiere,<\/li>\n\n\n\n<li>die artgerechte Unterbringung von Haustieren,<\/li>\n\n\n\n<li>Aufkl\u00e4rungsarbeit zum Thema Tierwohl und Tierschutz,<\/li>\n\n\n\n<li>Zusammenarbeit mit anderen Organisationen im Tier- und Naturschutz.<\/li>\n<\/ul>\n\n\n\n<ol start=\"3\" class=\"wp-block-list\">\n<li>Arten und Naturschutz ist vom Tierschutz nicht zu trennen.<\/li>\n\n\n\n<li>Bek\u00e4mpfung des Missbrauchs der Tiere sowie der Verbesserung ihrer Lebensqualit\u00e4t.<\/li>\n\n\n\n<li>Der Verein ist selbstlos t\u00e4tig; er verfolgt nicht in erster Linie eigenwirtschaftliche Zwecke.<\/li>\n\n\n\n<li>Mittel des Vereins d\u00fcrfen nur f\u00fcr die satzungsm\u00e4\u00dfigen Zwecke verwendet werden. Die<br>Mitglieder erhalten keine Zuwendungen aus den Mitteln des Vereins. Keine Person darf<br>durch Ausgaben, die dem Zweck des Vereins fremd sind, beg\u00fcnstigt werden.<\/li>\n<\/ol>\n\n\n\n<h2 class=\"wp-block-heading\">\u00a7 3 Erwerb der Mitgliedschaft<\/h2>\n\n\n\n<ol class=\"wp-block-list\">\n<li>Mitglied des Vereins kann jede vollj\u00e4hrige nat\u00fcrliche Person und jede juristische Person<br>werden. Bei Minderj\u00e4hrigen ist die Einwilligung der gesetzlichen Vertretung erforderlich.<\/li>\n\n\n\n<li>Die Aufnahme in den Verein ist schriftlich beim Vorstand zu beantragen. Der Vorstand<br>entscheidet \u00fcber den Aufnahmeantrag. Will er dem Antrag nicht stattgeben, entscheidet<br>hier\u00fcber die n\u00e4chste ordentliche Mitgliederversammlung.<\/li>\n\n\n\n<li>Auf Vorschlag des Vorstandes kann die Mitgliederversammlung verdienstvolle F\u00f6rderer des<br>Vereins in den Verein als Ehrenmitglieder auf Lebenszeit aufnehmen (Urkunde als Anlage<br>beigef\u00fcgt).<\/li>\n<\/ol>\n\n\n\n<h2 class=\"wp-block-heading\">\u00a7 4 Beendigung der Mitgliedschaft<\/h2>\n\n\n\n<ol class=\"wp-block-list\">\n<li>Die Mitgliedschaft im Verein endet durch Tod, Austritt oder Ausschluss.<\/li>\n\n\n\n<li>Der Austritt ist schriftlich gegen\u00fcber dem Vorstand zu erkl\u00e4ren. Der Austritt kann nur mit<br>einer Frist von zwei Monaten zum Ende des Gesch\u00e4ftsjahres erkl\u00e4rt werden.<\/li>\n\n\n\n<li>Ein Mitglied kann durch Beschluss der Mitgliederversammlung aus dem Verein<br>ausgeschlossen werden, wenn es:<br>a) schuldhaft das Ansehen oder die Interessen des Vereins in schwerwiegender Weise<br>gesch\u00e4digt oder die ihm nach der Satzung obliegenden Pflichten wiederholt verletzt<br>hat oder<br>b) mehr als drei Monate mit der Zahlung seiner Mitgliedsbeitr\u00e4ge im R\u00fcckstand ist und<br>trotz schriftlicher Mahnung unter Androhung des Ausschlusses die r\u00fcckst\u00e4ndigen<br>Beitr\u00e4ge nicht eingezahlt hat. Dem Mitglied ist die Gelegenheit zu geben, in der<br>Mitgliederversammlung zu den Gr\u00fcnden des Ausschlusses Stellung zu nehmen. Diese<br>sind ihm mindestens zwei Wochen vorher mitzuteilen.<\/li>\n<\/ol>\n\n\n\n<h2 class=\"wp-block-heading\">\u00a7 5 Rechte und Pflichten der Mitglieder<\/h2>\n\n\n\n<ol class=\"wp-block-list\">\n<li>Jedes Mitglied hat das Recht, bei der Unterst\u00fctzung des Vereins aktiv mitzuwirken und an<br>gemeinsamen Veranstaltungen teilzunehmen.<\/li>\n\n\n\n<li>Jedes aktive Mitglied hat gleiches Stimm- und Wahlrecht in der Mitgliederversammlung.<\/li>\n\n\n\n<li>Jedes passive Mitglied dient als F\u00f6rderer, hat allerdings kein Stimm- oder Wahlrecht in der<br>Mitgliederversammlung.<\/li>\n\n\n\n<li>Jedes Mitglied hat die Pflicht, die Interessen des Vereins zu f\u00f6rdern, insbesondere regelm\u00e4\u00dfig<br>seine Mitgliedsbeitr\u00e4ge zu leisten und, soweit es in seinen Kr\u00e4ften steht, zu unterst\u00fctzen.<\/li>\n\n\n\n<li>Aktive Mitglieder haben im Gegensatz zu passiven Mitglieder die Pflicht, die Veranstaltungen<br>des Vereins durch seine Mitarbeit zu unterst\u00fctzen. Passive Mitglieder d\u00fcrfen auf freiwilliger<br>Basis unterst\u00fctzen.<\/li>\n\n\n\n<li>Der Jahresbeitrag wird allj\u00e4hrig von der Mitgliederversammlung f\u00fcr das folgende<br>Gesch\u00e4ftsjahr beschlossen.<\/li>\n\n\n\n<li>Der Vorstand kann den Beitrag erm\u00e4\u00dfigen, stunden oder erlassen.<\/li>\n<\/ol>\n\n\n\n<h2 class=\"wp-block-heading\">\u00a7 6 Mitgliedsbeitr\u00e4ge<\/h2>\n\n\n\n<ol class=\"wp-block-list\">\n<li>Die H\u00f6he der Mitgliedsbeitr\u00e4ge wird wie folgt festgelegt:<br>Aktive Mitglieder: 5\u20ac\/Monat<br>Passiver Mitglieder: 6\u20ac\/Monat<br>Minderj\u00e4hrige\/Rentner: 2,50\u20ac\/Monat<\/li>\n\n\n\n<li>Dabei ist die Offenheit des Vereins f\u00fcr die Allgemeinheit angemessen zu ber\u00fccksichtigen.<\/li>\n\n\n\n<li>Ehrenmitglieder sind von den Mitgliedsbeitr\u00e4gen befreit.<\/li>\n<\/ol>\n\n\n\n<h2 class=\"wp-block-heading\">\u00a7 7 Organe des Vereins<\/h2>\n\n\n\n<ol class=\"wp-block-list\">\n<li>Organe des Vereins sind der Vorstand und die Mitgliederversammlung.<\/li>\n<\/ol>\n\n\n\n<h2 class=\"wp-block-heading\">\u00a7 8 Vorstand<\/h2>\n\n\n\n<ol class=\"wp-block-list\">\n<li>Dem Vorstand des Vereins obliegen die Vertretung des Vereins nach \u00a7 26 BGB und die<br>F\u00fchrung seiner Gesch\u00e4fte. Er hat insbesondere folgende Aufgaben:<br>a. die Einberufung und Vorbereitung der Mitgliederversammlungen einschlie\u00dflich der<br>Aufstellung der Tagesordnung,<br>b. die Ausf\u00fchrung von Beschl\u00fcssen der Mitgliederversammlung,<br>c. die Verwaltung des Vereinsverm\u00f6gens und die Anfertigung des Jahresberichts,<br>d. die Aufnahme neuer Mitglieder<\/li>\n\n\n\n<li>Der Vorstand besteht aus dem Vorsitzenden, seinem Stellvertreter, dem Schatzmeister, dem<br>Schriftf\u00fchrerund ein bis zwei Beisitzern.<\/li>\n\n\n\n<li>Der Vorsitzende vertritt den Verein allein. Im \u00dcbrigen vertreten den Verein zwei<br>Vorstandsmitglieder gemeinsam.<\/li>\n\n\n\n<li>Die Mitglieder des Vorstandes werden von der Mitgliederversammlung f\u00fcr die Dauer von<br>zwei Jahren gew\u00e4hlt. Mitglieder des Vorstandes k\u00f6nnen nur Mitglieder des Vereins sein; mit<br>der Mitgliedschaft im Verein endet auch die Mitgliedschaft im Vorstand. Die Wiederwahl<br>oder die vorzeitige Abberufung eines Mitglieds durch die Mitgliederversammlung ist zul\u00e4ssig.<br>Ein Mitglied bleibt nach Ablauf der regul\u00e4ren Amtszeit bis zur Wahl seines Nachfolgers im<br>Amt. Scheidet ein Mitglied vorzeitig aus dem Vorstand aus, so sind die verbleibenden<br>Mitglieder berechtigt, ein Mitglied des Vereins bis zur Wahl des Nachfolgers durch die<br>Mitgliederversammlung in den Vorstand zu w\u00e4hlen.<\/li>\n\n\n\n<li>Der Vorstand tritt nach Bedarf zusammen. Die Sitzungen werden vom Vorsitzenden, bei<br>dessen Verhinderung von seinem Stellvertreter, einberufen. Eine Einberufungsfrist von einer<br>Woche soll eingehalten werden. Der Vorstand ist beschlussf\u00e4hig, wenn mindestens drei<br>Mitglieder anwesend sind. Bei der Beschlussfassung entscheidet die Mehrheit der<br>abgegebenen g\u00fcltigen Stimmen. Bei Stimmengleichheit entscheidet die Stimme des<br>Vorsitzenden, bei dessen Verhinderung die seines Stellvertreters.<\/li>\n\n\n\n<li>Die Beschl\u00fcsse des Vorstands sind zu protokollieren. Das Protokoll ist vom Protokollf\u00fchrer<br>sowie vom Vorsitzenden, bei dessen Verhinderung von seinem Stellvertreter oder einem<br>anderen Mitglied des Vorstandes zu unterschreiben.<\/li>\n<\/ol>\n\n\n\n<h2 class=\"wp-block-heading\">\u00a7 9 Mitgliederversammlung<\/h2>\n\n\n\n<ol class=\"wp-block-list\">\n<li>Die Mitgliederversammlung ist zust\u00e4ndig f\u00fcr die Entscheidungen in folgenden<br>Angelegenheiten:<br>a) \u00c4nderung der Satzung,<br>b) die Aufl\u00f6sung des Vereins,<br>c) die Aufnahme neuer Vereinsmitglieder in den F\u00e4llen des \u00a7 3 Nr. 2 Satz 3. die<br>Ernennung von Ehrenmitgliedern sowie den Ausschluss von Mitgliedern aus dem<br>Verein,<br>d) die Wahl und die Abberufung der Mitglieder des Vorstandes und Rechnungspr\u00fcfer<br>e) die Entgegennahme des Jahresberichts und die Entlastung des Vorstandes und<br>Rechnungspr\u00fcfer<br>f) die Festsetzung der Mitgliedsbeitr\u00e4ge<\/li>\n\n\n\n<li>Mindestens einmal im Jahr, m\u00f6glichst im ersten Quartal, ist vom Vorstand eine ordentliche<br>Mitgliederversammlung einzuberufen. Die Einberufung erfolgt schriftlich unter Einhaltung<br>einer Frist von zwei Wochen und unter Angabe der Tagesordnung. Die Einladung erfolgt in<br>Textform an die dem Verein zuletzt bekannte Adresse oder E-Mail-Adresse des Mitglieds<\/li>\n\n\n\n<li>Die Tagesordnung setzt der Vorstand fest. Jedes Vereinsmitglied kann bis sp\u00e4testens eine<br>Woche vor der Mitgliederversammlung bei Vorstand schriftlich eine Erg\u00e4nzung der<br>Tagesordnung beantragen. \u00dcber den Antrag entscheidet der Vorstand. \u00dcber Antr\u00e4ge zur<br>Tagesordnung, die vom Vorstand nicht aufgenommen wurden oder die erstmals in der<br>Mitgliederversammlung gestellt werden, entscheidet die Mitgliederversammlung mit der<br>Mehrheit der Stimmen der anwesenden Mitglieder; dies gilt nicht f\u00fcr Antr\u00e4ge, die eine<br>\u00c4nderung der Satzung, die Aufl\u00f6sung des Vereins oder \u00c4nderungen der Mitgliedsbeitr\u00e4ge<br>zum Gegenstand haben.<\/li>\n\n\n\n<li>Der Vorstand hat eine au\u00dferordentliche Mitgliederversammlung einzuberufen, wenn es das<br>Interesse des Vereins erfordert oder wenn ein Viertel der Mitglieder dies schriftlich unter<br>Angabe des Zwecks und der Gr\u00fcnde beantragt. Soweit die Umst\u00e4nde dies zulassen, ist eine<br>Ladungsfrist von zwei Wochen einzuhalten und die Tagesordnung mit der Einladung bekannt<br>zu geben.<\/li>\n\n\n\n<li>Die Mitgliederversammlung wird vom Vorsitzenden, bei dessen Verhinderung von seinem<br>Stellvertreter und bei dessen Verhinderung von einem durch die Mitgliederversammlung zu<br>w\u00e4hlenden Versammlungsleiter geleitet.<\/li>\n\n\n\n<li>Die Mitgliederversammlung beschlie\u00dft in offener Abstimmung mit der Mehrheit der<br>Stimmen der anwesenden Mitglieder. Kann bei Wahlen kein Kandidat die Mehrheit der<br>Stimmen der anwesenden Mitglieder auf sich vereinen, ist gew\u00e4hlt, wer die Mehrheit der<br>abgegebenen Stimmen erhalten hat; zwischen mehreren Kandidaten ist eine Stichwahl<br>durchzuf\u00fchren. Stimmenthaltungen gelten als ung\u00fcltige Stimmen. Beschl\u00fcsse \u00fcber eine<br>\u00c4nderung der Satzung bed\u00fcrfen der Mehrheit von drei Vierteln, der Beschluss \u00fcber die<br>Aufl\u00f6sung des Vereins die Zustimmung von neun Zehnteln der anwesenden Mitglieder.<\/li>\n\n\n\n<li>\u00dcber den Ablauf der Mitgliederversammlung und die gefassten Beschl\u00fcsse ist ein Protokoll<br>zu fertigen. Dieses ist vom Protokollf\u00fchrer und vom Versammlungsleiter zu unterschreiben.<\/li>\n<\/ol>\n\n\n\n<h2 class=\"wp-block-heading\">\u00a7 10 Rechnungspr\u00fcfer<\/h2>\n\n\n\n<ol class=\"wp-block-list\">\n<li>Die Rechnungspr\u00fcfer \/ innen werden in der Mitgliederversammlung f\u00fcr 2 Jahre gew\u00e4hlt. Sie<br>haben das Recht und die Pflicht, w\u00e4hrend der Dauer ihrer Amtszeit unvermutet Buch- und<br>Kassenpr\u00fcfungen vorzunehmen.<\/li>\n\n\n\n<li>Die Rechnungspr\u00fcfer \/ innen haben in der Jahreshauptversammlung \u00fcber das Ergebnis ihrer<br>Pr\u00fcfung zu berichten und ihren Bericht schriftlich niederzulegen, sowie einen Antrag auf<br>Entlastung des gesamten Vorstandes zu stellen.<\/li>\n\n\n\n<li>Wiederwahlen der Rechnungspr\u00fcfer \/ innen sind zul\u00e4ssig.<\/li>\n<\/ol>\n\n\n\n<h2 class=\"wp-block-heading\">\u00a7 11 Verbandsmitgliedschaften<\/h2>\n\n\n\n<ol class=\"wp-block-list\">\n<li>Der Verein kann Mitglied in anderen Tier \u2013 und Naturschutzorganisationen werden.<\/li>\n<\/ol>\n\n\n\n<h2 class=\"wp-block-heading\">\u00a7 12 Aufl\u00f6sung des Vereins, Beendigung aus anderen Gr\u00fcnden, Wegfall<br>steuerbeg\u00fcnstigter Zwecke<\/h2>\n\n\n\n<ol class=\"wp-block-list\">\n<li>Im Falle der Aufl\u00f6sung des Vereins sind der Vorsitzende des Vorstandes und sein<br>Stellvertreter gemeinsam vertretungsberechtigte Liquidatoren, falls die<br>Mitgliederversammlung keine anderen Personen beruft.<\/li>\n\n\n\n<li>Bei Aufl\u00f6sung oder Aufhebung des Vereins oder bei Wegfall steuerbeg\u00fcnstigter Zwecke wird<br>im Rahmen einer au\u00dferordentlichen Mitgliederversammlung mit einfacher Mehrheit \u00fcber<br>die Verwendung des Verm\u00f6gens des Vereins abgestimmt, wobei das Verm\u00f6gen des Vereins<br>an eine juristische Person des \u00f6ffentlichen Rechts f\u00e4llt oder eine andere steuerbeg\u00fcnstigte<br>K\u00f6rperschaft zwecks Verwendung f\u00fcr den Tierschutz.<\/li>\n\n\n\n<li>Die vorstehenden Bestimmungen gelten entsprechend, wenn der Verein aus einem anderen<br>Grund aufgel\u00f6st wird oder seine Rechtsf\u00e4higkeit verliert.<\/li>\n<\/ol>\n\n\n\n<h2 class=\"wp-block-heading\">\u00a7 13 Verabschiedung der Vereinssatzung durch die Gr\u00fcndungsmitglieder:<\/h2>\n\n\n\n<p><\/p>\n\n\n\n<hr class=\"wp-block-separator has-alpha-channel-opacity\"\/>\n\n\n\n<p>Marco Binder<\/p>\n\n\n\n<hr class=\"wp-block-separator has-alpha-channel-opacity\"\/>\n\n\n\n<p>Susanne Pape<\/p>\n\n\n\n<hr class=\"wp-block-separator has-alpha-channel-opacity\"\/>\n\n\n\n<p>Rolf Pape<\/p>\n\n\n\n<hr class=\"wp-block-separator has-alpha-channel-opacity\"\/>\n\n\n\n<p>Yvonne Penkuhn-Wusterack<\/p>\n\n\n\n<hr class=\"wp-block-separator has-alpha-channel-opacity\"\/>\n\n\n\n<p>Manuela Alsich<\/p>\n\n\n\n<hr class=\"wp-block-separator has-alpha-channel-opacity\"\/>\n\n\n\n<p>Miriam Schneider<\/p>\n\n\n\n<hr class=\"wp-block-separator has-alpha-channel-opacity\"\/>\n\n\n\n<p>Arian Polland<\/p>\n\n\n\n<hr class=\"wp-block-separator has-alpha-channel-opacity\"\/>\n\n\n\n<p>Skadi Wiebiralski<\/p>\n\n\n\n<hr class=\"wp-block-separator has-alpha-channel-opacity\"\/>\n\n\n\n<p>Marcel Wiebiralski<br>L\u00f6wenbruch, den 10.08.2025<\/p>\n","protected":false},"excerpt":{"rendered":"<p>Hier findet ihr unsere Satzung als Download SatzungGnadenhof Villa Bunt-a-Hund \u00a7 1 Name und Sitz des Vereins, Gesch\u00e4ftsjahr \u00a7 2 Zweck, Aufgaben, Gemeinn\u00fctzigkeit [&hellip;]<\/p>\n","protected":false},"author":1,"featured_media":0,"parent":0,"menu_order":0,"comment_status":"closed","ping_status":"closed","template":"","meta":{"footnotes":""},"class_list":["post-454","page","type-page","status-publish","hentry"],"featured_image_src":null,"featured_image_url":[],"post_author":"admin","assigned_categories":"","_links":{"self":[{"href":"https:\/\/gnadenhof-villa-bunt-a-hund.de\/Zuhause\/zuhause\/wp-json\/wp\/v2\/pages\/454","targetHints":{"allow":["GET"]}}],"collection":[{"href":"https:\/\/gnadenhof-villa-bunt-a-hund.de\/Zuhause\/zuhause\/wp-json\/wp\/v2\/pages"}],"about":[{"href":"https:\/\/gnadenhof-villa-bunt-a-hund.de\/Zuhause\/zuhause\/wp-json\/wp\/v2\/types\/page"}],"author":[{"embeddable":true,"href":"https:\/\/gnadenhof-villa-bunt-a-hund.de\/Zuhause\/zuhause\/wp-json\/wp\/v2\/users\/1"}],"replies":[{"embeddable":true,"href":"https:\/\/gnadenhof-villa-bunt-a-hund.de\/Zuhause\/zuhause\/wp-json\/wp\/v2\/comments?post=454"}],"version-history":[{"count":2,"href":"https:\/\/gnadenhof-villa-bunt-a-hund.de\/Zuhause\/zuhause\/wp-json\/wp\/v2\/pages\/454\/revisions"}],"predecessor-version":[{"id":474,"href":"https:\/\/gnadenhof-villa-bunt-a-hund.de\/Zuhause\/zuhause\/wp-json\/wp\/v2\/pages\/454\/revisions\/474"}],"wp:attachment":[{"href":"https:\/\/gnadenhof-villa-bunt-a-hund.de\/Zuhause\/zuhause\/wp-json\/wp\/v2\/media?parent=454"}],"curies":[{"name":"wp","href":"https:\/\/api.w.org\/{rel}","templated":true}]}}