{"id":48,"date":"2025-09-25T20:25:17","date_gmt":"2025-09-25T19:25:17","guid":{"rendered":"http:\/\/gnadenhof-villa-bunt-a-hund.de\/?page_id=48"},"modified":"2025-12-29T23:34:52","modified_gmt":"2025-12-29T22:34:52","slug":"impressum-2","status":"publish","type":"page","link":"https:\/\/gnadenhof-villa-bunt-a-hund.de\/Zuhause\/zuhause\/impressum-2\/","title":{"rendered":"Impressum"},"content":{"rendered":"\n<p>Gnadenhof Villa Bunt-a-Hund e.V.<br>Kurf\u00fcrst-Jochaim-Str.3<br>D \u2013 15806 Zossen<\/p>\n\n\n\n<p><br>Fon: +49 (0)152 \u2013 33 756 204<br>E-Mail: info@gnadenhof-villa-bunt-a-hund.de<\/p>\n\n\n\n<p><br>Gerichtsstand;<br>AG Zossen<\/p>\n\n\n\n<p><br>1.Vorsitzende<br>Skadi Wiebiralski<\/p>\n\n\n\n<p>Fotos und Bilder, Webdesign<br>Gnadenhof-Villa-Bunt-a-Hund<br>Verantwortlich f\u00fcr den Inhalt<br>Marcel Wiebiralski<br>E-Mail: info@gnadenhof-villa-bunt-a-hund.de<\/p>\n\n\n\n<p>Die auf dieser Website enthaltenen Texte, Grafiken, Fotos, HTML-Codes, JAVA-Scripte, Layouts und andere Inhalte sind urheberrechtlich gesch\u00fctzt. Der Download und das Speichern dieser Daten ist nur mit vorheriger und ausdr\u00fccklich schriftlicher Genehmigung gestattet. Das unautorisierte Downloaden, Speichern, Weiterverarbeiten, Ver\u00f6ffentlichung auf einem eigenen oder fremden Server oder in Printform wird zivil- und strafrechtlich verfolgt.<\/p>\n\n\n\n<p><br>Mit Urteil vom 12. Mai 1998 hat das Landgericht Hamburg entschieden, dass mit Anbringung von Links die Inhalte der gelinkten Seite ggf. mit zu verantworten sind. Dies kann \u2013 so das Landgericht- nur dadurch verhindert werden, dass man sich von diesen Inhalten ausdr\u00fccklich distanziert.<\/p>\n\n\n\n<p><br>F\u00fcr alle Links gilt: Sowohl der Inhaber dieser Domain als auch der Webmaster haben keinen Einfluss auf die Inhalte oder die Gestaltung der gelinkten Seiten. Der Inhaber dieser Domain und der Webmaster \u00fcbernehmen keinerlei Verantwortung f\u00fcr die Inhalte von Internetseiten, auf deren URL in unseren Seiten verwiesen wird.<\/p>\n\n\n\n<p><br>Diese Erkl\u00e4rung gilt f\u00fcr alle auf unseren Seiten angebrachten Links und f\u00fcr die Inhalte der Seiten, zu denen die angebrachten Links f\u00fchren. Die Aufnahme von Links auf andere URL\u2019s ist ein Service f\u00fcr unsere Internet-Besucher und jederzeit widerrufbar. Sie beinhaltet keinen Rechtsanspruch auf Vollst\u00e4ndigkeit und Beibehalt.<\/p>\n\n\n\n<h2 class=\"wp-block-heading\">Disclaimer<\/h2>\n\n\n\n<p><strong>Haftung f\u00fcr Inhalte<\/strong><br>Die Inhalte unserer Seiten wurden mit gr\u00f6\u00dfter Sorgfalt erstellt. F\u00fcr die Richtigkeit, Vollst\u00e4ndigkeit und Aktualit\u00e4t der Inhalte k\u00f6nnen wir jedoch keine Gew\u00e4hr \u00fcbernehmen.<br>Als Diensteanbieter sind wir gem\u00e4\u00df \u00a7 6 Abs.1 MDStV und \u00a7 8 Abs.1 TDG f\u00fcr eigene Inhalte auf diesen Seiten nach den allgemeinen Gesetzen verantwortlich. Diensteanbieter sind jedoch nicht verpflichtet, die von ihnen \u00fcbermittelten oder gespeicherten fremden Informationen zu \u00fcberwachen oder nach Umst\u00e4nden zu forschen, die auf eine rechtswidrige T\u00e4tigkeit hinweisen. Verpflichtungen zur Entfernung oder Sperrung der Nutzung von Informationen nach den allgemeinen Gesetzen bleiben hiervon unber\u00fchrt. Eine diesbez\u00fcgliche Haftung ist jedoch erst ab dem Zeitpunkt der Kenntnis einer konkreten Rechtsverletzung m\u00f6glich. Bei bekannt werden von entsprechenden Rechtsverletzungen werden wir diese Inhalte umgehend entfernen.<br><br><strong>Haftung f\u00fcr Links<\/strong><br>Unser Angebot enth\u00e4lt Links zu externen Webseiten Dritter, auf deren Inhalte wir keinen Einfluss haben. Deshalb k\u00f6nnen wir f\u00fcr diese fremden Inhalte auch keine Gew\u00e4hr \u00fcbernehmen. F\u00fcr die Inhalte der verlinkten Seiten ist stets der jeweilige Anbieter oder Betreiber der Seiten verantwortlich. Die verlinkten Seiten wurden zum Zeitpunkt der Verlinkung auf m\u00f6gliche Rechtsverst\u00f6\u00dfe \u00fcberpr\u00fcft. Rechtswidrige Inhalte waren zum Zeitpunkt der Verlinkung nicht erkennbar. Eine permanente inhaltliche Kontrolle der verlinkten Seiten ist jedoch ohne konkrete Anhaltspunkte einer Rechtsverletzung nicht zumutbar. Bei bekannt werden von Rechtsverletzungen werden wir derartige Links umgehend entfernen.<br><br><strong>Urheberrecht<\/strong><br>Die Betreiber der Seiten sind bem\u00fcht, stets die Urheberrechte anderer zu beachten bzw. auf selbst erstellte sowie lizenzfreie Werke zur\u00fcckzugreifen. Die durch die Seitenbetreiber erstellten Inhalte und Werke auf diesen Seiten unterliegen dem deutschen Urheberrecht. Beitr\u00e4ge Dritter sind als solche gekennzeichnet. Die Vervielf\u00e4ltigung, Bearbeitung, Verbreitung und jede Art der Verwertung au\u00dferhalb der Grenzen des Urheberrechtes bed\u00fcrfen der schriftlichen Zustimmung des jeweiligen Autors bzw. Erstellers. Downloads und Kopien dieser Seite sind nur f\u00fcr den privaten, nicht kommerziellen Gebrauch gestattet.<\/p>\n\n\n\n<h3 class=\"wp-block-heading\"><\/h3>\n\n\n\n<p><\/p>\n","protected":false},"excerpt":{"rendered":"<p>Gnadenhof Villa Bunt-a-Hund e.V.Kurf\u00fcrst-Jochaim-Str.3D \u2013 15806 Zossen Fon: +49 (0)152 \u2013 33 756 204E-Mail: info@gnadenhof-villa-bunt-a-hund.de Gerichtsstand;AG Zossen 1.VorsitzendeSkadi Wiebiralski Fotos und Bilder, WebdesignGnadenhof-Villa-Bunt-a-HundVerantwortlich [&hellip;]<\/p>\n","protected":false},"author":1,"featured_media":0,"parent":0,"menu_order":0,"comment_status":"closed","ping_status":"closed","template":"","meta":{"footnotes":""},"class_list":["post-48","page","type-page","status-publish","hentry"],"featured_image_src":null,"featured_image_url":[],"post_author":"admin","assigned_categories":"","_links":{"self":[{"href":"https:\/\/gnadenhof-villa-bunt-a-hund.de\/Zuhause\/zuhause\/wp-json\/wp\/v2\/pages\/48","targetHints":{"allow":["GET"]}}],"collection":[{"href":"https:\/\/gnadenhof-villa-bunt-a-hund.de\/Zuhause\/zuhause\/wp-json\/wp\/v2\/pages"}],"about":[{"href":"https:\/\/gnadenhof-villa-bunt-a-hund.de\/Zuhause\/zuhause\/wp-json\/wp\/v2\/types\/page"}],"author":[{"embeddable":true,"href":"https:\/\/gnadenhof-villa-bunt-a-hund.de\/Zuhause\/zuhause\/wp-json\/wp\/v2\/users\/1"}],"replies":[{"embeddable":true,"href":"https:\/\/gnadenhof-villa-bunt-a-hund.de\/Zuhause\/zuhause\/wp-json\/wp\/v2\/comments?post=48"}],"version-history":[{"count":2,"href":"https:\/\/gnadenhof-villa-bunt-a-hund.de\/Zuhause\/zuhause\/wp-json\/wp\/v2\/pages\/48\/revisions"}],"predecessor-version":[{"id":439,"href":"https:\/\/gnadenhof-villa-bunt-a-hund.de\/Zuhause\/zuhause\/wp-json\/wp\/v2\/pages\/48\/revisions\/439"}],"wp:attachment":[{"href":"https:\/\/gnadenhof-villa-bunt-a-hund.de\/Zuhause\/zuhause\/wp-json\/wp\/v2\/media?parent=48"}],"curies":[{"name":"wp","href":"https:\/\/api.w.org\/{rel}","templated":true}]}}