{"id":56,"date":"2025-09-25T20:46:16","date_gmt":"2025-09-25T19:46:16","guid":{"rendered":"http:\/\/gnadenhof-villa-bunt-a-hund.de\/?page_id=56"},"modified":"2025-10-13T22:47:12","modified_gmt":"2025-10-13T21:47:12","slug":"unsere-vision","status":"publish","type":"page","link":"https:\/\/gnadenhof-villa-bunt-a-hund.de\/Zuhause\/zuhause\/unser-team\/unsere-vision\/","title":{"rendered":"Unsere Vision"},"content":{"rendered":"\n<p class=\"has-tapestry-font-family\">Der Gnadenhof Villa Bunt-a-Hund e.V. ist aus dem tiefen Wunsch entstanden, Tiere und Menschen miteinander zu verbinden und ihnen einen Ort voller Geborgenheit, Liebe und Hoffnung zu schenken. Wir sind \u00fcberzeugt: Jedes Herz schl\u00e4gt gleich viel wert &#8211; egal ob Mensch oder Tier, jung oder alt, gesund oder gehandicapt.<br>Wir tr\u00e4umen von einem Gnadenhof, auf dem graue Schnauzen wieder aufbl\u00fchen d\u00fcrfen, kranke und gehandicapte Tiere in Sicherheit leben k\u00f6nnen und jedes Lebewesen so angenommen wird, wie es ist. Hier sollen sie nicht mehr wzu alt&#8220;, &#8220; zu krank&#8220; oder &#8222;Zu schwierig&#8220; sein &#8211; sondern einfach willkommen.<br>Doch unsere Vision geht weit \u00fcber die Tiere hinaus:<br>Wir wollen eine lebendige Gemeinschaft schaffen, die zusamm ilt und f\u00fcreinander da ist. Menschen solle erlernen, wie wertvoll jedes Leben ist, und erfahren, dass Miteinander statt Gegeneinander alles ver\u00e4ndern kann.:<\/p>\n\n\n\n<ul class=\"wp-block-list\">\n<li>Was wir verwirklichen mochten:<\/li>\n\n\n\n<li>Senioren f\u00fcr Senioren: \u00c4ltere Tiere und \u00e4ltere Menschen finden zueinander, schenken sich N\u00e4he, W\u00e4rme und Freude.<\/li>\n\n\n\n<li>Feste &amp; Begegnungen: Hoffeste, Tage der offenen T\u00fcr und gemeinsame Aktionen \u00f6ffnen wir die T\u00fcren f\u00fcr alle, die unsere ldee mittragen m\u00f6chten.<\/li>\n\n\n\n<li>Aufkl\u00e4rung &amp; Bildung: Kinder und Erwachsene lernen spielerisch und praxisnah, wie Tierschutz funktioniert, wie man respektvoll mit Tieren umgeht und warum auch Wildtiere unsere F\u00fcrsorge brauchen.<\/li>\n\n\n\n<li>Handicap-Tiere sichtbar machen: Wir zeigen, dass ein Tier mit Handicap genauso viel Lebensfreude haben kann wie jedes andere &#8211; und dass es Menschen bereichern kann, die ihr Herz \u00f6ffnen.<\/li>\n\n\n\n<li>Vermittlungshilfe: Wenn Du einem Tier ein Zuhause schenken m\u00f6chtest, begleiten wir Dich mit Herz und Erfahrung.<\/li>\n\n\n\n<li>Sicherheit f\u00fcr Tiere: Wir wollen L\u00f6sungen bieten, wenn Menschen ins Altenheim ziehen m\u00fcssen und sich fragen: ,Wohin mit meinem besten Freund?&#8220;<\/li>\n\n\n\n<li>Unterst\u00fctzung f\u00fcr Menschen: Auch Menschen mit Behinderungen oder psychischen Erkrankungen finden bei uns ihren Platz &#8211; sie k\u00f6nnen Selbstgemachtes \u00fcber unsere Webseite verkaufen und so ihre St\u00e4rken zeigen, w\u00e4hrend sie gleichzeitig den Tierschutz unterst\u00fctzen.<\/li>\n<\/ul>\n\n\n\n<p>All das soll Hand in Hand gehen &#8211; bunt, lebendig, echt.<\/p>\n\n\n\n<p>Wir w\u00fcnschen uns, dass aus der Villa Bunt-a-Hund nicht nur ein sicherer Ort f\u00fcr Tiere entsteht, sondern auch ein Ort, an dem Menschen sich gegenseitig tragen, inspirieren und ermutigen.<\/p>\n\n\n\n<p>Unsere Vision ist es, ein Zuhause zu schaffen- f\u00fcr Fellnasen, Federn, Pfoten und f\u00fcr alle Menschen, die an das Gute im Herzen glauben. Eine Gemeinschaft, die es wirklich gibt.<\/p>\n\n\n\n<p>Die Villa Bunt-a-Hund e.V. steht f\u00fcr Liebe, Respekt und Zusammenhalt &#8211; f\u00fcr jedes Leben.<\/p>\n","protected":false},"excerpt":{"rendered":"<p>Der Gnadenhof Villa Bunt-a-Hund e.V. ist aus dem tiefen Wunsch entstanden, Tiere und Menschen miteinander zu verbinden und ihnen einen Ort voller Geborgenheit, [&hellip;]<\/p>\n","protected":false},"author":1,"featured_media":0,"parent":26,"menu_order":0,"comment_status":"closed","ping_status":"closed","template":"","meta":{"footnotes":""},"class_list":["post-56","page","type-page","status-publish","hentry"],"featured_image_src":null,"featured_image_url":[],"post_author":"admin","assigned_categories":"","_links":{"self":[{"href":"https:\/\/gnadenhof-villa-bunt-a-hund.de\/Zuhause\/zuhause\/wp-json\/wp\/v2\/pages\/56","targetHints":{"allow":["GET"]}}],"collection":[{"href":"https:\/\/gnadenhof-villa-bunt-a-hund.de\/Zuhause\/zuhause\/wp-json\/wp\/v2\/pages"}],"about":[{"href":"https:\/\/gnadenhof-villa-bunt-a-hund.de\/Zuhause\/zuhause\/wp-json\/wp\/v2\/types\/page"}],"author":[{"embeddable":true,"href":"https:\/\/gnadenhof-villa-bunt-a-hund.de\/Zuhause\/zuhause\/wp-json\/wp\/v2\/users\/1"}],"replies":[{"embeddable":true,"href":"https:\/\/gnadenhof-villa-bunt-a-hund.de\/Zuhause\/zuhause\/wp-json\/wp\/v2\/comments?post=56"}],"version-history":[{"count":3,"href":"https:\/\/gnadenhof-villa-bunt-a-hund.de\/Zuhause\/zuhause\/wp-json\/wp\/v2\/pages\/56\/revisions"}],"predecessor-version":[{"id":345,"href":"https:\/\/gnadenhof-villa-bunt-a-hund.de\/Zuhause\/zuhause\/wp-json\/wp\/v2\/pages\/56\/revisions\/345"}],"up":[{"embeddable":true,"href":"https:\/\/gnadenhof-villa-bunt-a-hund.de\/Zuhause\/zuhause\/wp-json\/wp\/v2\/pages\/26"}],"wp:attachment":[{"href":"https:\/\/gnadenhof-villa-bunt-a-hund.de\/Zuhause\/zuhause\/wp-json\/wp\/v2\/media?parent=56"}],"curies":[{"name":"wp","href":"https:\/\/api.w.org\/{rel}","templated":true}]}}