{"id":655,"date":"2026-04-05T12:02:36","date_gmt":"2026-04-05T11:02:36","guid":{"rendered":"https:\/\/gnadenhof-villa-bunt-a-hund.de\/Zuhause\/zuhause\/?page_id=655"},"modified":"2026-04-05T14:38:57","modified_gmt":"2026-04-05T13:38:57","slug":"linktree","status":"publish","type":"page","link":"https:\/\/gnadenhof-villa-bunt-a-hund.de\/Zuhause\/zuhause\/linktree\/","title":{"rendered":"Linktree"},"content":{"rendered":"\n<p class=\"has-text-align-center\">Gnadenhof Villa Bunt-a-Hund e.V. <br>Wir geben Tieren ein sicheres Zuhause f\u00fcrs Leben! Einblicke aus unserem Alltag.<br>Hier findet ihr einen Linktree, wo unser Gnadenhof \u00fcberall vertreten ist, sowie alle wichtigen Links in einer \u00dcbersicht. Ebenso unsere Amazon Wunschliste und weitere wichtige Links, damit ihr schnell ans Ziel kommt:<\/p>\n\n\n\n<h2 class=\"wp-block-heading\">TikTok<\/h2>\n\n\n\n<div class=\"wp-block-media-text is-stacked-on-mobile\" style=\"grid-template-columns:34% auto\"><figure class=\"wp-block-media-text__media\"><a href=\"https:\/\/www.tiktok.com\/@buntahund8\" target=\"_blank\" rel=\" noreferrer noopener\"><img loading=\"lazy\" decoding=\"async\" width=\"1024\" height=\"512\" src=\"https:\/\/gnadenhof-villa-bunt-a-hund.de\/wp-content\/uploads\/2026\/03\/Gnadenhof_Villa_Bunt_a_Hund_TikTok-1024x512.jpg\" alt=\"\" class=\"wp-image-660 size-full\" srcset=\"https:\/\/gnadenhof-villa-bunt-a-hund.de\/wp-content\/uploads\/2026\/03\/Gnadenhof_Villa_Bunt_a_Hund_TikTok-1024x512.jpg 1024w, https:\/\/gnadenhof-villa-bunt-a-hund.de\/wp-content\/uploads\/2026\/03\/Gnadenhof_Villa_Bunt_a_Hund_TikTok-300x150.jpg 300w, https:\/\/gnadenhof-villa-bunt-a-hund.de\/wp-content\/uploads\/2026\/03\/Gnadenhof_Villa_Bunt_a_Hund_TikTok-768x384.jpg 768w, https:\/\/gnadenhof-villa-bunt-a-hund.de\/wp-content\/uploads\/2026\/03\/Gnadenhof_Villa_Bunt_a_Hund_TikTok-1536x768.jpg 1536w, https:\/\/gnadenhof-villa-bunt-a-hund.de\/wp-content\/uploads\/2026\/03\/Gnadenhof_Villa_Bunt_a_Hund_TikTok-600x300.jpg 600w, https:\/\/gnadenhof-villa-bunt-a-hund.de\/wp-content\/uploads\/2026\/03\/Gnadenhof_Villa_Bunt_a_Hund_TikTok.jpg 1565w\" sizes=\"auto, (max-width: 1024px) 100vw, 1024px\" \/><\/a><\/figure><div class=\"wp-block-media-text__content\">\n<p>Hier findest du regelm\u00e4\u00dfig Videos von unseren Tieren, aktuelle News und alle Themen rund um den Tierschutz.<\/p>\n<\/div><\/div>\n\n\n\n<h2 class=\"wp-block-heading\">Instagram<\/h2>\n\n\n\n<div class=\"wp-block-media-text is-stacked-on-mobile\" style=\"grid-template-columns:34% auto\"><figure class=\"wp-block-media-text__media\"><a href=\"https:\/\/www.instagram.com\/gnadenhof_villa_bunt_a_hund\/\" target=\"_blank\" rel=\" noreferrer noopener\"><img loading=\"lazy\" decoding=\"async\" width=\"1024\" height=\"605\" src=\"https:\/\/gnadenhof-villa-bunt-a-hund.de\/wp-content\/uploads\/2026\/03\/Gnadenhof_Villa_Bunt_a_Hund_Instagramm-1024x605.jpg\" alt=\"\" class=\"wp-image-659 size-full\" srcset=\"https:\/\/gnadenhof-villa-bunt-a-hund.de\/wp-content\/uploads\/2026\/03\/Gnadenhof_Villa_Bunt_a_Hund_Instagramm-1024x605.jpg 1024w, https:\/\/gnadenhof-villa-bunt-a-hund.de\/wp-content\/uploads\/2026\/03\/Gnadenhof_Villa_Bunt_a_Hund_Instagramm-300x177.jpg 300w, https:\/\/gnadenhof-villa-bunt-a-hund.de\/wp-content\/uploads\/2026\/03\/Gnadenhof_Villa_Bunt_a_Hund_Instagramm-768x454.jpg 768w, https:\/\/gnadenhof-villa-bunt-a-hund.de\/wp-content\/uploads\/2026\/03\/Gnadenhof_Villa_Bunt_a_Hund_Instagramm-600x355.jpg 600w, https:\/\/gnadenhof-villa-bunt-a-hund.de\/wp-content\/uploads\/2026\/03\/Gnadenhof_Villa_Bunt_a_Hund_Instagramm.jpg 1360w\" sizes=\"auto, (max-width: 1024px) 100vw, 1024px\" \/><\/a><\/figure><div class=\"wp-block-media-text__content\">\n<p>Hier findest du regelm\u00e4\u00dfig Videos von unseren Tieren, aktuelle News und alle Themen rund um den Tierschutz.<\/p>\n<\/div><\/div>\n\n\n\n<h2 class=\"wp-block-heading\">Facebook<\/h2>\n\n\n\n<div class=\"wp-block-media-text is-stacked-on-mobile\" style=\"grid-template-columns:34% auto\"><figure class=\"wp-block-media-text__media\"><a href=\"https:\/\/www.facebook.com\/share\/1a7ExeHtYw\/\" target=\"_blank\" rel=\" noreferrer noopener\"><img loading=\"lazy\" decoding=\"async\" width=\"1024\" height=\"620\" src=\"https:\/\/gnadenhof-villa-bunt-a-hund.de\/wp-content\/uploads\/2026\/03\/Gnadenhof_Villa_Bunt_a_Hund_Facebook-1024x620.jpg\" alt=\"\" class=\"wp-image-658 size-full\" srcset=\"https:\/\/gnadenhof-villa-bunt-a-hund.de\/wp-content\/uploads\/2026\/03\/Gnadenhof_Villa_Bunt_a_Hund_Facebook-1024x620.jpg 1024w, https:\/\/gnadenhof-villa-bunt-a-hund.de\/wp-content\/uploads\/2026\/03\/Gnadenhof_Villa_Bunt_a_Hund_Facebook-300x182.jpg 300w, https:\/\/gnadenhof-villa-bunt-a-hund.de\/wp-content\/uploads\/2026\/03\/Gnadenhof_Villa_Bunt_a_Hund_Facebook-768x465.jpg 768w, https:\/\/gnadenhof-villa-bunt-a-hund.de\/wp-content\/uploads\/2026\/03\/Gnadenhof_Villa_Bunt_a_Hund_Facebook-600x363.jpg 600w, https:\/\/gnadenhof-villa-bunt-a-hund.de\/wp-content\/uploads\/2026\/03\/Gnadenhof_Villa_Bunt_a_Hund_Facebook.jpg 1174w\" sizes=\"auto, (max-width: 1024px) 100vw, 1024px\" \/><\/a><\/figure><div class=\"wp-block-media-text__content\">\n<p>Hier findest du regelm\u00e4\u00dfig Videos von unseren Tieren, aktuelle News und alle Themen rund um den Tierschutz.<\/p>\n<\/div><\/div>\n\n\n\n<h2 class=\"wp-block-heading\">Whatsapp-Kanal<\/h2>\n\n\n\n<div class=\"wp-block-media-text is-stacked-on-mobile\" style=\"grid-template-columns:34% auto\"><figure class=\"wp-block-media-text__media\"><a href=\"https:\/\/whatsapp.com\/channel\/0029Vb78mcd89ina4xrEp314\" target=\"_blank\" rel=\" noreferrer noopener\"><img loading=\"lazy\" decoding=\"async\" width=\"229\" height=\"250\" src=\"https:\/\/gnadenhof-villa-bunt-a-hund.de\/wp-content\/uploads\/2026\/01\/whatsappkanal.jpeg\" alt=\"\" class=\"wp-image-491 size-full\"\/><\/a><\/figure><div class=\"wp-block-media-text__content\">\n<p>Auch wenn unser Kanal \u00f6ffentlich ist, wird er leider in der Suche noch nicht gef\u00fchrt, da wir noch zu wenig Follower haben.<\/p>\n\n\n\n<p>Ihr k\u00f6nnt den Kanal aber finden, wenn ihr:<\/p>\n\n\n\n<p>a.) den QR-Code abfotografiert und den darin enthaltenen Link anklickt oder<\/p>\n\n\n\n<p>b.) direkt auf den folgenden Link am Handy klickt, dann werdet ihr direkt zu unserem Kanal in Whatsapp weitergeleitet:<br><a href=\"https:\/\/whatsapp.com\/channel\/0029Vb78mcd89ina4xrEp314\">https:\/\/whatsapp.com\/channel\/0029Vb78mcd89ina4xrEp314<\/a><\/p>\n<\/div><\/div>\n\n\n\n<h2 class=\"wp-block-heading\">Amazon Wunschliste<\/h2>\n\n\n\n<div class=\"wp-block-media-text is-stacked-on-mobile\" style=\"grid-template-columns:34% auto\"><figure class=\"wp-block-media-text__media\"><a href=\"https:\/\/www.amazon.de\/hz\/wishlist\/ls\/7GV95PFD341B?ref_=wl_share\" target=\"_blank\" rel=\" noreferrer noopener\"><img loading=\"lazy\" decoding=\"async\" width=\"400\" height=\"252\" src=\"https:\/\/gnadenhof-villa-bunt-a-hund.de\/wp-content\/uploads\/2025\/10\/amazon.png\" alt=\"\" class=\"wp-image-272 size-full\" srcset=\"https:\/\/gnadenhof-villa-bunt-a-hund.de\/wp-content\/uploads\/2025\/10\/amazon.png 400w, https:\/\/gnadenhof-villa-bunt-a-hund.de\/wp-content\/uploads\/2025\/10\/amazon-300x189.png 300w\" sizes=\"auto, (max-width: 400px) 100vw, 400px\" \/><\/a><\/figure><div class=\"wp-block-media-text__content\">\n<p>\u201eDies ist die Wunschliste des Gnadenhof Villa Bunt-a-Hund e.V.<br>Auch wenn wir bereits ein Verein sind, haben wir noch keinen eigenen Hof \u2013 unsere geretteten Tiere leben aktuell privat bei uns und werden dort t\u00e4glich versorgt.<br>Mit jedem Kauf unterst\u00fctzt ihr uns direkt bei Futter, Pflege und allem, was unsere Sch\u00fctzlinge brauchen.<br>Danke von Herzen f\u00fcr eure Hilfe!\u201c<\/p>\n<\/div><\/div>\n\n\n\n<h2 class=\"wp-block-heading\">Mitgliedsantrag<\/h2>\n\n\n\n<p>Unseren Mitgliedsantrag kannst du dir hier direkt herunter laden:<\/p>\n\n\n\n<div class=\"wp-block-buttons has-light-gray-background-color has-background is-layout-flex wp-block-buttons-is-layout-flex\">\n<div class=\"wp-block-button\"><a class=\"wp-block-button__link has-x-large-font-size has-custom-font-size wp-element-button\" href=\"https:\/\/gnadenhof-villa-bunt-a-hund.de\/mitgliedsantrag.pdf\" style=\"border-top-left-radius:45px;border-top-right-radius:45px;border-bottom-left-radius:45px;border-bottom-right-radius:45px;padding-top:5px;padding-bottom:5px\" target=\"_blank\" rel=\"nofollow noreferrer noopener\">Download<\/a><\/div>\n<\/div>\n\n\n\n<h2 class=\"wp-block-heading\">Spendenkonto<\/h2>\n\n\n\n<p>Wenn Du uns finanziell unterst\u00fctzen m\u00f6chtest, hier ist unsere Bankverbindung:<\/p>\n\n\n\n<p>Kontoinhaber: Gnadenhof Villa Bunt-a-Hund e.V.<br>IBAN: DE60 1605 0000 1001 0068 83<br>BIC: WELADED1PMB<\/p>\n","protected":false},"excerpt":{"rendered":"<p>Gnadenhof Villa Bunt-a-Hund e.V. Wir geben Tieren ein sicheres Zuhause f\u00fcrs Leben! Einblicke aus unserem Alltag.Hier findet ihr einen Linktree, wo unser Gnadenhof [&hellip;]<\/p>\n","protected":false},"author":1,"featured_media":0,"parent":0,"menu_order":0,"comment_status":"closed","ping_status":"closed","template":"","meta":{"footnotes":""},"class_list":["post-655","page","type-page","status-publish","hentry"],"featured_image_src":null,"featured_image_url":[],"post_author":"admin","assigned_categories":"","_links":{"self":[{"href":"https:\/\/gnadenhof-villa-bunt-a-hund.de\/Zuhause\/zuhause\/wp-json\/wp\/v2\/pages\/655","targetHints":{"allow":["GET"]}}],"collection":[{"href":"https:\/\/gnadenhof-villa-bunt-a-hund.de\/Zuhause\/zuhause\/wp-json\/wp\/v2\/pages"}],"about":[{"href":"https:\/\/gnadenhof-villa-bunt-a-hund.de\/Zuhause\/zuhause\/wp-json\/wp\/v2\/types\/page"}],"author":[{"embeddable":true,"href":"https:\/\/gnadenhof-villa-bunt-a-hund.de\/Zuhause\/zuhause\/wp-json\/wp\/v2\/users\/1"}],"replies":[{"embeddable":true,"href":"https:\/\/gnadenhof-villa-bunt-a-hund.de\/Zuhause\/zuhause\/wp-json\/wp\/v2\/comments?post=655"}],"version-history":[{"count":7,"href":"https:\/\/gnadenhof-villa-bunt-a-hund.de\/Zuhause\/zuhause\/wp-json\/wp\/v2\/pages\/655\/revisions"}],"predecessor-version":[{"id":671,"href":"https:\/\/gnadenhof-villa-bunt-a-hund.de\/Zuhause\/zuhause\/wp-json\/wp\/v2\/pages\/655\/revisions\/671"}],"wp:attachment":[{"href":"https:\/\/gnadenhof-villa-bunt-a-hund.de\/Zuhause\/zuhause\/wp-json\/wp\/v2\/media?parent=655"}],"curies":[{"name":"wp","href":"https:\/\/api.w.org\/{rel}","templated":true}]}}