{"id":89,"date":"2025-09-28T20:59:20","date_gmt":"2025-09-28T19:59:20","guid":{"rendered":"http:\/\/gnadenhof-villa-bunt-a-hund.de\/?page_id=89"},"modified":"2025-10-12T15:12:07","modified_gmt":"2025-10-12T14:12:07","slug":"wir-suchen","status":"publish","type":"page","link":"https:\/\/gnadenhof-villa-bunt-a-hund.de\/Zuhause\/zuhause\/wir-suchen\/","title":{"rendered":"Wir suchen"},"content":{"rendered":"\n<p>Wir suchen unser Zuhause &#8211; Wohnen &amp; Arbeiten im Einklang<br>Wir tr\u00e4umen von einem Ort, an dem wir leben, arbeiten und zur Ruhe kommen k\u00f6nnen. <\/p>\n\n\n\n<p>Ein St\u00fcck Land, das uns Raum f\u00fcr Familie, Natur und unsere ldeen gibt.<\/p>\n\n\n\n<div class=\"wp-block-media-text is-stacked-on-mobile\" style=\"grid-template-columns:33% auto\"><figure class=\"wp-block-media-text__media\"><img loading=\"lazy\" decoding=\"async\" width=\"1024\" height=\"1024\" src=\"http:\/\/gnadenhof-villa-bunt-a-hund.de\/wp-content\/uploads\/2025\/09\/WhatsApp-Image-2025-09-26-at-14.45.551.jpeg\" alt=\"\" class=\"wp-image-74 size-full\" srcset=\"https:\/\/gnadenhof-villa-bunt-a-hund.de\/wp-content\/uploads\/2025\/09\/WhatsApp-Image-2025-09-26-at-14.45.551.jpeg 1024w, https:\/\/gnadenhof-villa-bunt-a-hund.de\/wp-content\/uploads\/2025\/09\/WhatsApp-Image-2025-09-26-at-14.45.551-300x300.jpeg 300w, https:\/\/gnadenhof-villa-bunt-a-hund.de\/wp-content\/uploads\/2025\/09\/WhatsApp-Image-2025-09-26-at-14.45.551-100x100.jpeg 100w, https:\/\/gnadenhof-villa-bunt-a-hund.de\/wp-content\/uploads\/2025\/09\/WhatsApp-Image-2025-09-26-at-14.45.551-600x600.jpeg 600w, https:\/\/gnadenhof-villa-bunt-a-hund.de\/wp-content\/uploads\/2025\/09\/WhatsApp-Image-2025-09-26-at-14.45.551-150x150.jpeg 150w, https:\/\/gnadenhof-villa-bunt-a-hund.de\/wp-content\/uploads\/2025\/09\/WhatsApp-Image-2025-09-26-at-14.45.551-768x768.jpeg 768w, https:\/\/gnadenhof-villa-bunt-a-hund.de\/wp-content\/uploads\/2025\/09\/WhatsApp-Image-2025-09-26-at-14.45.551-1000x1000.jpeg 1000w\" sizes=\"auto, (max-width: 1024px) 100vw, 1024px\" \/><\/figure><div class=\"wp-block-media-text__content\">\n<p>Was wir suchen:<\/p>\n\n\n\n<ul class=\"wp-block-list\">\n<li>Ein Grundst\u00fcck ab 2.000 m\u00b2<\/li>\n\n\n\n<li>Eine Wohnfl\u00e4che ab 100 m\u00b2<\/li>\n\n\n\n<li>Gerne mit Nebengeb\u00e4uden f\u00fcr Werkstatt, Tiere oder Lager<\/li>\n\n\n\n<li>Ein Platz ohne direkte Nachbarn &#8211; mit Freiheit und Weite<\/li>\n<\/ul>\n<\/div><\/div>\n\n\n\n<p>Unsere Vorstellungen:<br>Ob Miete, Mietkauf oder Pacht &#8211; wir sind offen f\u00fcr verschiedene M\u00f6glichkeiten. <br>Besonders w\u00fcrden wir uns \u00fcber einen landwirtschaftlichen Betrieb freuen, den wir mit Leben f\u00fcllen k\u00f6nnen.<\/p>\n\n\n\n<p>Wir w\u00fcnschen uns einen Ort, an dem wir unsere Wurzeln schlagen k\u00f6nnen &#8211; mit gen\u00fcgend Platz zum Arbeiten, zum Gestalten und einfach zum Sein.<\/p>\n\n\n\n<p>Wenn du uns dabei helfen kannst, unseren Traum zu verwirklichen, melde dich bitte bei uns.<br> Jede Empfehlung und jeder Hinweis bringt uns unserem Zuhause ein St\u00fcck n\u00e4her.<\/p>\n","protected":false},"excerpt":{"rendered":"<p>Wir suchen unser Zuhause &#8211; Wohnen &amp; Arbeiten im EinklangWir tr\u00e4umen von einem Ort, an dem wir leben, arbeiten und zur Ruhe kommen [&hellip;]<\/p>\n","protected":false},"author":1,"featured_media":0,"parent":0,"menu_order":0,"comment_status":"closed","ping_status":"closed","template":"","meta":{"footnotes":""},"class_list":["post-89","page","type-page","status-publish","hentry"],"featured_image_src":null,"featured_image_url":[],"post_author":"admin","assigned_categories":"","_links":{"self":[{"href":"https:\/\/gnadenhof-villa-bunt-a-hund.de\/Zuhause\/zuhause\/wp-json\/wp\/v2\/pages\/89","targetHints":{"allow":["GET"]}}],"collection":[{"href":"https:\/\/gnadenhof-villa-bunt-a-hund.de\/Zuhause\/zuhause\/wp-json\/wp\/v2\/pages"}],"about":[{"href":"https:\/\/gnadenhof-villa-bunt-a-hund.de\/Zuhause\/zuhause\/wp-json\/wp\/v2\/types\/page"}],"author":[{"embeddable":true,"href":"https:\/\/gnadenhof-villa-bunt-a-hund.de\/Zuhause\/zuhause\/wp-json\/wp\/v2\/users\/1"}],"replies":[{"embeddable":true,"href":"https:\/\/gnadenhof-villa-bunt-a-hund.de\/Zuhause\/zuhause\/wp-json\/wp\/v2\/comments?post=89"}],"version-history":[{"count":4,"href":"https:\/\/gnadenhof-villa-bunt-a-hund.de\/Zuhause\/zuhause\/wp-json\/wp\/v2\/pages\/89\/revisions"}],"predecessor-version":[{"id":315,"href":"https:\/\/gnadenhof-villa-bunt-a-hund.de\/Zuhause\/zuhause\/wp-json\/wp\/v2\/pages\/89\/revisions\/315"}],"wp:attachment":[{"href":"https:\/\/gnadenhof-villa-bunt-a-hund.de\/Zuhause\/zuhause\/wp-json\/wp\/v2\/media?parent=89"}],"curies":[{"name":"wp","href":"https:\/\/api.w.org\/{rel}","templated":true}]}}